{"id":125,"date":"2025-11-27T09:52:34","date_gmt":"2025-11-27T09:52:34","guid":{"rendered":"https:\/\/experts-rh.fr\/?page_id=125"},"modified":"2025-11-27T09:52:34","modified_gmt":"2025-11-27T09:52:34","slug":"suivi-des-resultats-2","status":"publish","type":"page","link":"https:\/\/experts-rh.fr\/?page_id=125","title":{"rendered":"Suivi des r\u00e9sultats"},"content":{"rendered":"<div id=\"pl-125\"  class=\"panel-layout\" ><div id=\"pg-125-0\"  class=\"panel-grid panel-no-style\" ><div id=\"pgc-125-0-0\"  class=\"panel-grid-cell\" ><div id=\"panel-125-0-0-0\" class=\"so-panel widget widget_sow-editor panel-first-child panel-last-child\" data-index=\"0\" ><div class=\"panel-widget-style panel-widget-style-for-125-0-0-0\" ><div\n\t\t\t\n\t\t\tclass=\"so-widget-sow-editor so-widget-sow-editor-base\"\n\t\t\t\n\t\t>\n<div class=\"siteorigin-widget-tinymce textwidget\">\n\t<p>Le Benchmark des processus m\u00e9tier correctement analys\u00e9 permet des am\u00e9liorations sur les outils et les processus organisationnels. N\u00e9anmoins ce que vous attende, ce sont des<strong> r\u00e9sultats concrets et visibles<\/strong>, que ce soit pour l'organisation de la DRH ou pour la qualit\u00e9 du service qu'elle apporte au rest\u00e9e de l'entreprise.<\/p>\n<p>Experts RH vous proposera un suivi dans la dur\u00e9e du r\u00e9sultat de ses pr\u00e9conisations ce qui permettra de<strong> rester sur la trajectoire de processus m\u00e9tier parfaitement optimis\u00e9s<\/strong>.<\/p>\n<\/div>\n<\/div><\/div><\/div><\/div><\/div><\/div>","protected":false},"excerpt":{"rendered":"<p>Le Benchmark des processus m\u00e9tier correctement analys\u00e9 permet des am\u00e9liorations sur les outils et les processus organisationnels. N\u00e9anmoins ce que vous attende, ce sont des r\u00e9sultats concrets et visibles, que ce soit pour l&#8217;organisation de la DRH ou pour la qualit\u00e9 du service qu&#8217;elle apporte au rest\u00e9e de l&#8217;entreprise. Experts RH vous proposera un suivi dans la dur\u00e9e du r\u00e9sultat de ses pr\u00e9conisations ce qui permettra de rester sur la trajectoire de processus m\u00e9tier parfaitement optimis\u00e9s.<\/p>\n","protected":false},"author":1,"featured_media":0,"parent":0,"menu_order":0,"comment_status":"closed","ping_status":"closed","template":"","meta":{"footnotes":""},"class_list":["post-125","page","type-page","status-publish","hentry"],"_links":{"self":[{"href":"https:\/\/experts-rh.fr\/index.php?rest_route=\/wp\/v2\/pages\/125","targetHints":{"allow":["GET"]}}],"collection":[{"href":"https:\/\/experts-rh.fr\/index.php?rest_route=\/wp\/v2\/pages"}],"about":[{"href":"https:\/\/experts-rh.fr\/index.php?rest_route=\/wp\/v2\/types\/page"}],"author":[{"embeddable":true,"href":"https:\/\/experts-rh.fr\/index.php?rest_route=\/wp\/v2\/users\/1"}],"replies":[{"embeddable":true,"href":"https:\/\/experts-rh.fr\/index.php?rest_route=%2Fwp%2Fv2%2Fcomments&post=125"}],"version-history":[{"count":1,"href":"https:\/\/experts-rh.fr\/index.php?rest_route=\/wp\/v2\/pages\/125\/revisions"}],"predecessor-version":[{"id":126,"href":"https:\/\/experts-rh.fr\/index.php?rest_route=\/wp\/v2\/pages\/125\/revisions\/126"}],"wp:attachment":[{"href":"https:\/\/experts-rh.fr\/index.php?rest_route=%2Fwp%2Fv2%2Fmedia&parent=125"}],"curies":[{"name":"wp","href":"https:\/\/api.w.org\/{rel}","templated":true}]}}