{"id":120,"date":"2025-11-27T09:44:14","date_gmt":"2025-11-27T09:44:14","guid":{"rendered":"https:\/\/experts-rh.fr\/?page_id=120"},"modified":"2025-11-27T09:45:49","modified_gmt":"2025-11-27T09:45:49","slug":"reponses-organisationnelles","status":"publish","type":"page","link":"https:\/\/experts-rh.fr\/?page_id=120","title":{"rendered":"R\u00e9ponses organisationnelles"},"content":{"rendered":"<div id=\"pl-120\"  class=\"panel-layout\" ><div id=\"pg-120-0\"  class=\"panel-grid panel-no-style\" ><div id=\"pgc-120-0-0\"  class=\"panel-grid-cell\" ><div id=\"panel-120-0-0-0\" class=\"so-panel widget widget_sow-editor panel-first-child panel-last-child\" data-index=\"0\" ><div class=\"panel-widget-style panel-widget-style-for-120-0-0-0\" ><div\n\t\t\t\n\t\t\tclass=\"so-widget-sow-editor so-widget-sow-editor-base\"\n\t\t\t\n\t\t>\n<div class=\"siteorigin-widget-tinymce textwidget\">\n\t<p><span dir=\"auto\" style=\"vertical-align: inherit;\"><span dir=\"auto\" style=\"vertical-align: inherit;\">Bien souvent, l'am\u00e9lioration des mesures des KPI est <\/span><\/span><strong><span dir=\"auto\" style=\"vertical-align: inherit;\"><span dir=\"auto\" style=\"vertical-align: inherit;\">envisag\u00e9e par une action sur les outils<\/span><\/span><\/strong><span dir=\"auto\" style=\"vertical-align: inherit;\"><span dir=\"auto\" style=\"vertical-align: inherit;\"> . Ce n'est pas toujours le cas.<\/span><\/span><\/p>\n<p><span dir=\"auto\" style=\"vertical-align: inherit;\"><span dir=\"auto\" style=\"vertical-align: inherit;\">Une <\/span><\/span><strong><span dir=\"auto\" style=\"vertical-align: inherit;\"><span dir=\"auto\" style=\"vertical-align: inherit;\">revue organisationnelle des processus<\/span><\/span><\/strong><span dir=\"auto\" style=\"vertical-align: inherit;\"><span dir=\"auto\" style=\"vertical-align: inherit;\"> permet souvent d'am\u00e9liorer consid\u00e9rablement la qualit\u00e9 et l'efficacit\u00e9 de la prestation que d\u00e9livre la DRH sans pour autant changer les outils<\/span><\/span><\/p>\n<\/div>\n<\/div><\/div><\/div><\/div><\/div><\/div>","protected":false},"excerpt":{"rendered":"<p>Bien souvent, l&#8217;am\u00e9lioration des mesures des KPI est envisag\u00e9e par une action sur les outils . Ce n&#8217;est pas toujours le cas. Une revue organisationnelle des processus permet souvent d&#8217;am\u00e9liorer consid\u00e9rablement la qualit\u00e9 et l&#8217;efficacit\u00e9 de la prestation que d\u00e9livre la DRH sans pour autant changer les outils<\/p>\n","protected":false},"author":1,"featured_media":0,"parent":0,"menu_order":0,"comment_status":"closed","ping_status":"closed","template":"","meta":{"footnotes":""},"class_list":["post-120","page","type-page","status-publish","hentry"],"_links":{"self":[{"href":"https:\/\/experts-rh.fr\/index.php?rest_route=\/wp\/v2\/pages\/120","targetHints":{"allow":["GET"]}}],"collection":[{"href":"https:\/\/experts-rh.fr\/index.php?rest_route=\/wp\/v2\/pages"}],"about":[{"href":"https:\/\/experts-rh.fr\/index.php?rest_route=\/wp\/v2\/types\/page"}],"author":[{"embeddable":true,"href":"https:\/\/experts-rh.fr\/index.php?rest_route=\/wp\/v2\/users\/1"}],"replies":[{"embeddable":true,"href":"https:\/\/experts-rh.fr\/index.php?rest_route=%2Fwp%2Fv2%2Fcomments&post=120"}],"version-history":[{"count":2,"href":"https:\/\/experts-rh.fr\/index.php?rest_route=\/wp\/v2\/pages\/120\/revisions"}],"predecessor-version":[{"id":124,"href":"https:\/\/experts-rh.fr\/index.php?rest_route=\/wp\/v2\/pages\/120\/revisions\/124"}],"wp:attachment":[{"href":"https:\/\/experts-rh.fr\/index.php?rest_route=%2Fwp%2Fv2%2Fmedia&parent=120"}],"curies":[{"name":"wp","href":"https:\/\/api.w.org\/{rel}","templated":true}]}}