{"id":109,"date":"2025-11-27T09:18:27","date_gmt":"2025-11-27T09:18:27","guid":{"rendered":"https:\/\/experts-rh.fr\/?page_id=109"},"modified":"2025-11-27T09:25:46","modified_gmt":"2025-11-27T09:25:46","slug":"109-2","status":"publish","type":"page","link":"https:\/\/experts-rh.fr\/?page_id=109","title":{"rendered":"Analyse des causes"},"content":{"rendered":"<div id=\"pl-109\"  class=\"panel-layout\" ><div id=\"pg-109-0\"  class=\"panel-grid panel-no-style\" ><div id=\"pgc-109-0-0\"  class=\"panel-grid-cell\" ><div id=\"panel-109-0-0-0\" class=\"so-panel widget widget_sow-editor panel-first-child panel-last-child\" data-index=\"0\" ><div class=\"panel-widget-style panel-widget-style-for-109-0-0-0\" ><div\n\t\t\t\n\t\t\tclass=\"so-widget-sow-editor so-widget-sow-editor-base\"\n\t\t\t\n\t\t>\n<div class=\"siteorigin-widget-tinymce textwidget\">\n\t<p><span dir=\"auto\" style=\"vertical-align: inherit;\"><span dir=\"auto\" style=\"vertical-align: inherit;\">L'analyse des causes se d\u00e9roule en deux temps :<\/span><\/span><\/p>\n<p><strong><span dir=\"auto\" style=\"vertical-align: inherit;\"><span dir=\"auto\" style=\"vertical-align: inherit;\">L'interpr\u00e9tation des r\u00e9sultats<\/span><\/span><\/strong><\/p>\n<p><span dir=\"auto\" style=\"vertical-align: inherit;\"><span dir=\"auto\" style=\"vertical-align: inherit;\">Pour chacun des KPI mesur\u00e9s, nous vous ferons par de notre analyse sur les causes probables de votre mesure et de sa comparaison par rapport aux chiffres de lieu.<\/span><\/span><\/p>\n<p><strong><span dir=\"auto\" style=\"vertical-align: inherit;\"><span dir=\"auto\" style=\"vertical-align: inherit;\">Actions d'am\u00e9lioration<\/span><\/span><\/strong><\/p>\n<p><span dir=\"auto\" style=\"vertical-align: inherit;\"><span dir=\"auto\" style=\"vertical-align: inherit;\">Nous synth\u00e9tisons ensuite l'ensemble de vos mesures pour vous fournir un plan d'am\u00e9lioration de ces KPI.<\/span><\/span><\/p>\n<\/div>\n<\/div><\/div><\/div><\/div><\/div><\/div>","protected":false},"excerpt":{"rendered":"<p>L&#8217;analyse des causes se d\u00e9roule en deux temps : L&#8217;interpr\u00e9tation des r\u00e9sultats Pour chacun des KPI mesur\u00e9s, nous vous ferons par de notre analyse sur les causes probables de votre mesure et de sa comparaison par rapport aux chiffres de lieu. Actions d&#8217;am\u00e9lioration Nous synth\u00e9tisons ensuite l&#8217;ensemble de vos mesures pour vous fournir un plan d&#8217;am\u00e9lioration de ces KPI.<\/p>\n","protected":false},"author":1,"featured_media":0,"parent":0,"menu_order":0,"comment_status":"closed","ping_status":"closed","template":"","meta":{"footnotes":""},"class_list":["post-109","page","type-page","status-publish","hentry"],"_links":{"self":[{"href":"https:\/\/experts-rh.fr\/index.php?rest_route=\/wp\/v2\/pages\/109","targetHints":{"allow":["GET"]}}],"collection":[{"href":"https:\/\/experts-rh.fr\/index.php?rest_route=\/wp\/v2\/pages"}],"about":[{"href":"https:\/\/experts-rh.fr\/index.php?rest_route=\/wp\/v2\/types\/page"}],"author":[{"embeddable":true,"href":"https:\/\/experts-rh.fr\/index.php?rest_route=\/wp\/v2\/users\/1"}],"replies":[{"embeddable":true,"href":"https:\/\/experts-rh.fr\/index.php?rest_route=%2Fwp%2Fv2%2Fcomments&post=109"}],"version-history":[{"count":4,"href":"https:\/\/experts-rh.fr\/index.php?rest_route=\/wp\/v2\/pages\/109\/revisions"}],"predecessor-version":[{"id":114,"href":"https:\/\/experts-rh.fr\/index.php?rest_route=\/wp\/v2\/pages\/109\/revisions\/114"}],"wp:attachment":[{"href":"https:\/\/experts-rh.fr\/index.php?rest_route=%2Fwp%2Fv2%2Fmedia&parent=109"}],"curies":[{"name":"wp","href":"https:\/\/api.w.org\/{rel}","templated":true}]}}